{"id":110294,"date":"2024-08-20T12:24:39","date_gmt":"2024-08-20T10:24:39","guid":{"rendered":"https:\/\/sidispinnt.ch\/?post_type=product&#038;p=110294"},"modified":"2026-04-18T12:25:25","modified_gmt":"2026-04-18T10:25:25","slug":"merino-single-verlaufsset-sunset","status":"publish","type":"product","link":"https:\/\/sidispinnt.ch\/?product=merino-single-verlaufsset-sunset","title":{"rendered":"Merino Single Verlaufsset Sunset"},"content":{"rendered":"","protected":false},"excerpt":{"rendered":"<p><strong>Zusammensetzung:<\/strong> 100% Merino Superwash<br \/>\n<strong>Spinnart:<\/strong> Single (einfach Faden)<br \/>\n<strong>Laufl\u00e4nge:<\/strong> 366m \/ 400y<br \/>\n<strong>Gewicht:<\/strong> 5 x 20g = 100g \/ 3,5 oz<br \/>\n<strong>Nadelst\u00e4rke:<\/strong> 3 \u2013 4mm<br \/>\n<strong>Pflegehinweis: <\/strong>Handgef\u00e4rbte Garne k\u00f6nnen bei den ersten Waschungen ausbluten.<\/p>\n<p>Merino Single hat durch die ungezwirnte Spinnart eine runde Oberfl\u00e4che, die ein lebhaftes Strickbild ergibt. Ideal zum Stricken von T\u00fccher und feinen Kleidungsst\u00fccke mit Z\u00f6pfen und oder Lochmuster.<\/p>\n","protected":false},"featured_media":110295,"comment_status":"open","ping_status":"closed","template":"","meta":[],"product_cat":[188],"product_tag":[1683,1669,1673,1765,3090],"class_list":{"0":"post-110294","1":"product","2":"type-product","3":"status-publish","4":"has-post-thumbnail","6":"product_brand-sidispinnt","7":"product_cat-garne","8":"product_tag-fingering-weight","9":"product_tag-garne","10":"product_tag-merino","11":"product_tag-single","12":"product_tag-stricken","14":"first","15":"instock","16":"sale","17":"shipping-taxable","18":"purchasable","19":"product-type-simple"},"_links":{"self":[{"href":"https:\/\/sidispinnt.ch\/index.php?rest_route=\/wp\/v2\/product\/110294","targetHints":{"allow":["GET"]}}],"collection":[{"href":"https:\/\/sidispinnt.ch\/index.php?rest_route=\/wp\/v2\/product"}],"about":[{"href":"https:\/\/sidispinnt.ch\/index.php?rest_route=\/wp\/v2\/types\/product"}],"replies":[{"embeddable":true,"href":"https:\/\/sidispinnt.ch\/index.php?rest_route=%2Fwp%2Fv2%2Fcomments&post=110294"}],"wp:featuredmedia":[{"embeddable":true,"href":"https:\/\/sidispinnt.ch\/index.php?rest_route=\/wp\/v2\/media\/110295"}],"wp:attachment":[{"href":"https:\/\/sidispinnt.ch\/index.php?rest_route=%2Fwp%2Fv2%2Fmedia&parent=110294"}],"wp:term":[{"taxonomy":"product_cat","embeddable":true,"href":"https:\/\/sidispinnt.ch\/index.php?rest_route=%2Fwp%2Fv2%2Fproduct_cat&post=110294"},{"taxonomy":"product_tag","embeddable":true,"href":"https:\/\/sidispinnt.ch\/index.php?rest_route=%2Fwp%2Fv2%2Fproduct_tag&post=110294"}],"curies":[{"name":"wp","href":"https:\/\/api.w.org\/{rel}","templated":true}]}}