{"id":110358,"date":"2024-08-26T15:24:27","date_gmt":"2024-08-26T13:24:27","guid":{"rendered":"https:\/\/sidispinnt.ch\/?post_type=product&#038;p=110358"},"modified":"2026-04-21T18:15:02","modified_gmt":"2026-04-21T16:15:02","slug":"kurs-standspindel-spinnen-2","status":"publish","type":"product","link":"https:\/\/sidispinnt.ch\/?product=kurs-standspindel-spinnen-2&lang=en","title":{"rendered":"Kurs Standspindel Spinnen 23.06.2026"},"content":{"rendered":"<p><strong>Spinnen mit der <\/strong><strong>Standspindel (Supported Spindel)<br \/>\n<\/strong><\/p>\n<p>Was kann ich nach dem Kurs?<\/p>\n<ul>\n<li>Spinnen auf der Standspindel mit dem langen Auszug per Park and Draft<\/li>\n<li>Spinnen auf der Standspindel im Lauf<\/li>\n<li>Zwirnen auf der Standspindel<\/li>\n<li>Ich kenne welche Fasern, wie auf der Standspindel verwendet werden k\u00f6nnen.<\/li>\n<\/ul>\n<p>Die Standspindel auch Supported Spindel genannt ist eine Spindel die in einer Schale oder auf einer geeigneten Oberfl\u00e4che gesponnen wird. Diese Art zu Spinnen ist nicht eine neue Mode sondern genauso alt wie die Fallspindel. Die Tradition der Standspindel ist L\u00e4nder bedingt. Wo haupts\u00e4chlich feine und kurzfaserige Fasern geerntet und ganz d\u00fcnne F\u00e4den verarbeitet wurde, findet man in der Historie haupts\u00e4chlich Standspindeln.<\/p>\n<p>Alles Material f\u00fcr den Kurs ist vorhanden. Es muss nichts mitgebracht werden.<\/p>\n<p>Du erh\u00e4ltst 2-3 Tage vor dem Kurstag per E-Mail die letzten Informationen. Kursgeb\u00fchren k\u00f6nnen im Voraus oder am Tag des Kurses beglichen werden. Bitte beachte, dass die Kurse nicht mehr storniert werden k\u00f6nnen.<\/p>\n<p>Bei geringer Teilnehmerzahl behalten ich mir vor, den Kurs abzusagen. Bei einer Absage durch uns werden die Kurskosten vollst\u00e4ndig zur\u00fcckerstattet.<\/p>\n","protected":false},"excerpt":{"rendered":"<p><em>Only available in German<\/em><\/p>\n<p>Du kannst schon ein kleines bisschen Spinnen und m\u00f6chtest gerne die Spinnart mit dem langen Auszug auf der Standspindel lernen? Dann buche jetzt deinen Platz.<\/p>\n<div class=\"rte align_justify\"><strong>Datum:<\/strong> Dienstag, 23. Juni 2026<strong><br \/>\n<\/strong><\/div>\n<div class=\"rte align_justify\"><strong>Zeit: <\/strong>14.00-17.00<\/div>\n","protected":false},"featured_media":110356,"comment_status":"open","ping_status":"closed","template":"","meta":[],"product_cat":[3531],"product_tag":[2011,3535],"class_list":{"0":"post-110358","1":"product","2":"type-product","3":"status-publish","4":"has-post-thumbnail","6":"product_brand-sidispinnt","7":"product_cat-workshop","8":"product_tag-spinning","9":"product_tag-workshop","11":"first","12":"instock","13":"virtual","14":"purchasable","15":"product-type-simple"},"_links":{"self":[{"href":"https:\/\/sidispinnt.ch\/index.php?rest_route=\/wp\/v2\/product\/110358","targetHints":{"allow":["GET"]}}],"collection":[{"href":"https:\/\/sidispinnt.ch\/index.php?rest_route=\/wp\/v2\/product"}],"about":[{"href":"https:\/\/sidispinnt.ch\/index.php?rest_route=\/wp\/v2\/types\/product"}],"replies":[{"embeddable":true,"href":"https:\/\/sidispinnt.ch\/index.php?rest_route=%2Fwp%2Fv2%2Fcomments&post=110358"}],"wp:featuredmedia":[{"embeddable":true,"href":"https:\/\/sidispinnt.ch\/index.php?rest_route=\/wp\/v2\/media\/110356"}],"wp:attachment":[{"href":"https:\/\/sidispinnt.ch\/index.php?rest_route=%2Fwp%2Fv2%2Fmedia&parent=110358"}],"wp:term":[{"taxonomy":"product_cat","embeddable":true,"href":"https:\/\/sidispinnt.ch\/index.php?rest_route=%2Fwp%2Fv2%2Fproduct_cat&post=110358"},{"taxonomy":"product_tag","embeddable":true,"href":"https:\/\/sidispinnt.ch\/index.php?rest_route=%2Fwp%2Fv2%2Fproduct_tag&post=110358"}],"curies":[{"name":"wp","href":"https:\/\/api.w.org\/{rel}","templated":true}]}}