{"id":110811,"date":"2025-02-19T19:42:03","date_gmt":"2025-02-19T18:42:03","guid":{"rendered":"https:\/\/sidispinnt.ch\/?post_type=product&#038;p=110811"},"modified":"2025-02-19T19:42:03","modified_gmt":"2025-02-19T18:42:03","slug":"polaris-cowl-anleitung","status":"publish","type":"product","link":"https:\/\/sidispinnt.ch\/?product=polaris-cowl-anleitung","title":{"rendered":"Polaris Cowl Anleitung"},"content":{"rendered":"<p><strong>Garn<\/strong><br \/>\n<a href=\"https:\/\/wollekaufen.wollspinnerei.ch\/de\/Strick--Teppichwolle\/munia-merinogarn-superwash\/\">Wollspinnerei Vetsch Munja<\/a> (100% Extra feine Merino, 120m \/ 131y per 50g) gezeigt in der Farbe \u00ab808 Dunkelbraun\u00bb<\/p>\n<p><strong>Str\u00e4nge<\/strong><br \/>\n2 (2, 3)<\/p>\n<p><strong>Laufmeter<\/strong><br \/>\n180 (220, 260) m \/ 197 (240, 284) y<\/p>\n<p><strong>Gr\u00f6ssen<\/strong><br \/>\nA (B, C)<br \/>\nGr\u00f6sse A schmiegt sich passend um den Hals.<br \/>\nGr\u00f6sse B hat ein bisschen Platz um den Hals.<br \/>\nGr\u00f6sse C hat einiges an Platz um den Hals.<\/p>\n<p><strong>H\u00f6he<\/strong><br \/>\n31.5 (31.5, 31.5) cm \/ 12.5 (12.5, 12.5)\u201c<\/p>\n<p><strong>Umfang<\/strong><br \/>\n47.5 (57, 66) cm \/ 18.75 (22.5, 26)\u201c<\/p>\n<p>Diese Anleitung ist tech-editiert und getestet<\/p>\n","protected":false},"excerpt":{"rendered":"<p>Der Polaris Cowl wird nahtlos in der Runde von einer \u00d6ffnung zur anderen gestrickt. Er beginnt mit einem verschr\u00e4nkten Rippenmuster mit kleinen sternf\u00f6rmigen Z\u00f6pfen. Darauf folgt ein strukturiertes Muster aus diagonalen Linien und das Hauptmuster des grossen Sterns in rechten und linken Maschen. Dann geht es zur\u00fcck zu diagonalen Linien und wieder zum verschr\u00e4nkten Rippenmuster. Die verschiedenen Abschnitte werden durch eine querliegende Maschenreihe (Vikkel Braid) abgetrennt.<br \/>\nDer abgebildete Cowl wurde in Gr\u00f6sse A gestrickt.<\/p>\n","protected":false},"featured_media":110818,"comment_status":"open","ping_status":"closed","template":"","meta":[],"product_cat":[4167],"product_tag":[4553,4171],"class_list":{"0":"post-110811","1":"product","2":"type-product","3":"status-publish","4":"has-post-thumbnail","6":"product_brand-sidispinnt","7":"product_cat-strickanleitungen","8":"product_tag-kragen","9":"product_tag-strickanleitungen","11":"first","12":"instock","13":"downloadable","14":"virtual","15":"purchasable","16":"product-type-simple"},"_links":{"self":[{"href":"https:\/\/sidispinnt.ch\/index.php?rest_route=\/wp\/v2\/product\/110811","targetHints":{"allow":["GET"]}}],"collection":[{"href":"https:\/\/sidispinnt.ch\/index.php?rest_route=\/wp\/v2\/product"}],"about":[{"href":"https:\/\/sidispinnt.ch\/index.php?rest_route=\/wp\/v2\/types\/product"}],"replies":[{"embeddable":true,"href":"https:\/\/sidispinnt.ch\/index.php?rest_route=%2Fwp%2Fv2%2Fcomments&post=110811"}],"wp:featuredmedia":[{"embeddable":true,"href":"https:\/\/sidispinnt.ch\/index.php?rest_route=\/wp\/v2\/media\/110818"}],"wp:attachment":[{"href":"https:\/\/sidispinnt.ch\/index.php?rest_route=%2Fwp%2Fv2%2Fmedia&parent=110811"}],"wp:term":[{"taxonomy":"product_cat","embeddable":true,"href":"https:\/\/sidispinnt.ch\/index.php?rest_route=%2Fwp%2Fv2%2Fproduct_cat&post=110811"},{"taxonomy":"product_tag","embeddable":true,"href":"https:\/\/sidispinnt.ch\/index.php?rest_route=%2Fwp%2Fv2%2Fproduct_tag&post=110811"}],"curies":[{"name":"wp","href":"https:\/\/api.w.org\/{rel}","templated":true}]}}