{"id":110820,"date":"2025-02-19T19:46:43","date_gmt":"2025-02-19T18:46:43","guid":{"rendered":"https:\/\/sidispinnt.ch\/?post_type=product&#038;p=110820"},"modified":"2025-02-19T19:46:44","modified_gmt":"2025-02-19T18:46:44","slug":"red-panda-sweater-anleitung","status":"publish","type":"product","link":"https:\/\/sidispinnt.ch\/?product=red-panda-sweater-anleitung","title":{"rendered":"Red Panda Sweater Anleitung"},"content":{"rendered":"<p><strong>Gr\u00f6ssen<\/strong><br \/>\nA (B, C, D, E) F, G, H, I<\/p>\n<p><strong>K\u00f6rperumfang des Pullovers<\/strong><br \/>\n97 (106, 115.5, 124.5, 134) 143, 157, 166, 175.5 cm<br \/>\n38.25 (41.75, 45.5, 49, 52.75) 56.25, 61.75, 65.5, 69\u201c<br \/>\nAlle Gr\u00f6ssen findest du ganz unten bei den Bildern<\/p>\n<p><strong>Garn<\/strong><br \/>\n<a href=\"https:\/\/sidispinnt.ch\/?product=yarnadelic\">John Arbon Textiles Yarnadelic Sport<\/a> (100% Corridale; 333m \/ 364y pro 100g) gezeigt in den Farben: HF: \u00abGaletta Guitar\u00bb KF1: \u00abBlack Gold of das Sun\u00bb, KF2: \u00abOrdinary Joe\u00bb<\/p>\n<p><strong>Str\u00e4nge<\/strong><br \/>\nHF: 3 (3, 4, 4, 4) (5, 5, 6, 6)<br \/>\nKF1 und KF2 je: 1 Strange<\/p>\n<p><strong>Laufl\u00e4nge<\/strong><br \/>\n<em>Kurze Version<\/em><br \/>\n<strong>HF:<\/strong> 822 (900, 978, 1034, 1165) (1314, 1408, 1538, 1632) m \/ 898 (984, 1069, 1130, 1273) (1437, 1539, 1681, 1783) y<br \/>\n<strong>KF1 und KF2 je:<\/strong> 23 (25, 27, 29, 32) (34, 37, 39, 41) m \/ 25 (27, 30, 32, 34) (37, 40, 43, 45) y<\/p>\n<p><em>Lange Version mit Muster an den \u00c4rmeln<\/em><br \/>\nHF: 912 (999, 1086, 1148, 1293) (1459, 1562, 1708, 1811) m \/ 997 (1092, 1187, 1255, 1413) (1595, 1708, 1866, 1980) y<br \/>\nKF1 und KF2 je: 32 (35, 38, 40, 45) (51, 55, 60, 63) m \/ 35 (38, 41, 44, 49) (56, 60, 65, 69) y<\/p>\n<p>Diese Anleitung ist tech-editiert und getestet<\/p>\n","protected":false},"excerpt":{"rendered":"<p>Der Red Panda Sweater wird gr\u00f6sstenteils nahtlos in der Runde, von unten nach oben, mit einem mehrfarbigen Muster am Saum gestrickt. Er beginnt mit der Hauptfarbe und einem einfachen 1&#215;1-Rippenmuster, gefolgt von dem farbigen Teil, der in zwei Kontrastfarben gearbeitet wird, bevor er wieder in die Hauptfarbe \u00fcbergeht. Nach der Teilung von Vorder- und R\u00fcckenteil f\u00fcr die Armausschnitte werden die Schultern mit verk\u00fcrzten Reihen geformt. Die Schultern werden mit einem modifizierten 3-Needle Bind-off verbunden. Es gibt keine formgebenden Abnahmen und Zunahmen an den Seiten des K\u00f6rpers. Er soll mit einer zus\u00e4tzlichen Weite von ca. 20 cm um die Brust getragen werden. Abgebildetes Muster in Gr\u00f6sse B bei einer Oberweite von 84 cm \/ 33<\/p>\n","protected":false},"featured_media":110583,"comment_status":"open","ping_status":"closed","template":"","meta":[],"product_cat":[4167],"product_tag":[4535,4171,4193],"class_list":{"0":"post-110820","1":"product","2":"type-product","3":"status-publish","4":"has-post-thumbnail","6":"product_brand-sidispinnt","7":"product_cat-strickanleitungen","8":"product_tag-pullover","9":"product_tag-strickanleitungen","10":"product_tag-yarnadelic","12":"first","13":"instock","14":"downloadable","15":"virtual","16":"purchasable","17":"product-type-simple"},"_links":{"self":[{"href":"https:\/\/sidispinnt.ch\/index.php?rest_route=\/wp\/v2\/product\/110820","targetHints":{"allow":["GET"]}}],"collection":[{"href":"https:\/\/sidispinnt.ch\/index.php?rest_route=\/wp\/v2\/product"}],"about":[{"href":"https:\/\/sidispinnt.ch\/index.php?rest_route=\/wp\/v2\/types\/product"}],"replies":[{"embeddable":true,"href":"https:\/\/sidispinnt.ch\/index.php?rest_route=%2Fwp%2Fv2%2Fcomments&post=110820"}],"wp:featuredmedia":[{"embeddable":true,"href":"https:\/\/sidispinnt.ch\/index.php?rest_route=\/wp\/v2\/media\/110583"}],"wp:attachment":[{"href":"https:\/\/sidispinnt.ch\/index.php?rest_route=%2Fwp%2Fv2%2Fmedia&parent=110820"}],"wp:term":[{"taxonomy":"product_cat","embeddable":true,"href":"https:\/\/sidispinnt.ch\/index.php?rest_route=%2Fwp%2Fv2%2Fproduct_cat&post=110820"},{"taxonomy":"product_tag","embeddable":true,"href":"https:\/\/sidispinnt.ch\/index.php?rest_route=%2Fwp%2Fv2%2Fproduct_tag&post=110820"}],"curies":[{"name":"wp","href":"https:\/\/api.w.org\/{rel}","templated":true}]}}