{"id":110922,"date":"2025-03-18T20:31:55","date_gmt":"2025-03-18T19:31:55","guid":{"rendered":"https:\/\/sidispinnt.ch\/?post_type=product&#038;p=110922"},"modified":"2025-10-22T21:21:06","modified_gmt":"2025-10-22T19:21:06","slug":"polaris-sweater-anleitung","status":"publish","type":"product","link":"https:\/\/sidispinnt.ch\/?product=polaris-sweater-anleitung","title":{"rendered":"Polaris Sweater Anleitung"},"content":{"rendered":"<p><strong>Gr\u00f6ssen<\/strong><br \/>\nA (B, C, D, E) (F, G, H, I)<\/p>\n<p><strong>Brustumfang des Pullovers<\/strong><br \/>\n85.5 (95, 105, 114.5, 124) 133.5, 143, 152.5, 162 cm \/ 33.75 (37.5, 41.25, 45, 48.75) 52.5, 56.25, 60, 63.75\u201c<br \/>\nAlle Gr\u00f6ssen findest du ganz unten bei den Bildern<\/p>\n<p><strong>Garn<\/strong><br \/>\nIllimani Sabri II (85% Bio Baumwolle, 15% Alpaka) gezeigt in Farbe \u00abGrey\u00bb<br \/>\noder<br \/>\nWollspinnerei Vetsch Munja (100% Extra fine Merino 120m \/ 131y per 50g) gezeigt in der Farbe \u00abOlive\u00bb<\/p>\n<p><strong>Str\u00e4nge<\/strong><br \/>\nIllimani Sabri II:<br \/>\nLange \u00c4rmel Version:<br \/>\n5 (5, 6, 6, 7) 7, 8, 8, 9<br \/>\nKurze \u00c4rmel Version:<br \/>\n4 (4, 5, 5, 6) 6, 7, 7, 8<\/p>\n<p>Wollspinnerei Vetsch Munja:<br \/>\nLange \u00c4rmel Version:<br \/>\n9 (10 10, 11, 12) 13, 14, 15, 16<br \/>\nKurze \u00c4rmel Version:<br \/>\n6 (7, 8, 9, 10) 10, 11, 12, 13<\/p>\n<p><strong>Laufl\u00e4nge<\/strong><br \/>\nLange \u00c4rmel Version:<br \/>\n900 (1000, 1100, 1200, 1300) 1400, 1500, 1600, 1700 m \/ 984 (1093, 1202, 1312, 1421) 1530, 1640, 1749, 1858 y<br \/>\nKurze \u00c4rmel Version:<br \/>\n700 (800, 900, 1000, 1100) 1200, 1300, 1400, 1500 m \/ 765 (874, 984, 1093, 1202) 1312, 1421, 1530, 1640 y<\/p>\n<p>Diese Anleitung ist editiert und getestet!<\/p>\n","protected":false},"excerpt":{"rendered":"<p>Der Polaris Sweater wird nahtlos in Runden von oben nach unten gestrickt. Er beginnt mit einem Halsausschnitt aus einem verschr\u00e4nkten Rippenmuster mit kleinen sternf\u00f6rmigen Z\u00f6pfen. Darauf folgt eine Rundpasse in einem strukturierten Muster aus diagonalen Linien und dem Hauptmuster des grossen Sterns, der aus rechten und linken Maschen besteht. Dann geht es zur\u00fcck zu diagonalen Linien. Die verschiedenen Abschnitte werden durch eine querliegende Maschenreihe (Vikkel Braid) voneinander getrennt. Du kannst w\u00e4hlen, ob du ein normales Rippenmuster oder das verschr\u00e4nkte Zopfmuster stricken m\u00f6chtest, ob du verk\u00fcrzte Reihen f\u00fcr ein h\u00f6heres R\u00fcckenteil, eine Taillierung und ob du lange oder kurze \u00c4rmel verwenden m\u00f6chtest.<br \/>\nDas Strickst\u00fcck ist f\u00fcr eine zus\u00e4tzliche Weite von ca. 10 cm\/4\u201c um die Brust herum ausgelegt. Das abgebildete Muster wurde in Gr\u00f6sse B f\u00fcr einen 86 cm \/ 34\u201c Brustumfang gestrickt.<\/p>\n<p>&nbsp;<\/p>\n","protected":false},"featured_media":110935,"comment_status":"open","ping_status":"closed","template":"","meta":[],"product_cat":[4167],"product_tag":[4535,4171,3090],"class_list":{"0":"post-110922","1":"product","2":"type-product","3":"status-publish","4":"has-post-thumbnail","6":"product_brand-sidispinnt","7":"product_cat-strickanleitungen","8":"product_tag-pullover","9":"product_tag-strickanleitungen","10":"product_tag-stricken","12":"first","13":"instock","14":"downloadable","15":"virtual","16":"purchasable","17":"product-type-simple"},"_links":{"self":[{"href":"https:\/\/sidispinnt.ch\/index.php?rest_route=\/wp\/v2\/product\/110922","targetHints":{"allow":["GET"]}}],"collection":[{"href":"https:\/\/sidispinnt.ch\/index.php?rest_route=\/wp\/v2\/product"}],"about":[{"href":"https:\/\/sidispinnt.ch\/index.php?rest_route=\/wp\/v2\/types\/product"}],"replies":[{"embeddable":true,"href":"https:\/\/sidispinnt.ch\/index.php?rest_route=%2Fwp%2Fv2%2Fcomments&post=110922"}],"wp:featuredmedia":[{"embeddable":true,"href":"https:\/\/sidispinnt.ch\/index.php?rest_route=\/wp\/v2\/media\/110935"}],"wp:attachment":[{"href":"https:\/\/sidispinnt.ch\/index.php?rest_route=%2Fwp%2Fv2%2Fmedia&parent=110922"}],"wp:term":[{"taxonomy":"product_cat","embeddable":true,"href":"https:\/\/sidispinnt.ch\/index.php?rest_route=%2Fwp%2Fv2%2Fproduct_cat&post=110922"},{"taxonomy":"product_tag","embeddable":true,"href":"https:\/\/sidispinnt.ch\/index.php?rest_route=%2Fwp%2Fv2%2Fproduct_tag&post=110922"}],"curies":[{"name":"wp","href":"https:\/\/api.w.org\/{rel}","templated":true}]}}