{"id":111097,"date":"2025-06-17T13:18:17","date_gmt":"2025-06-17T11:18:17","guid":{"rendered":"https:\/\/sidispinnt.ch\/?post_type=product&#038;p=111097"},"modified":"2026-03-31T13:21:03","modified_gmt":"2026-03-31T11:21:03","slug":"phoenix-kopfspindel","status":"publish","type":"product","link":"https:\/\/sidispinnt.ch\/?product=phoenix-kopfspindel","title":{"rendered":"Phoenix Kopfspindel"},"content":{"rendered":"","protected":false},"excerpt":{"rendered":"<div class=\"woocommerce-product-details__short-description\">\n<p><strong>Holz:<\/strong> Multiwood<br \/>\n<strong>Gewicht<\/strong>: 65g<\/p>\n<p>Die Spindel von Phoenix ist ideal f\u00fcr dickeres Garn oder Anf\u00e4ngerInnen. Durch ihre Gr\u00f6sse und Schwere k\u00f6nnen hiermit keine D\u00fcnnen Garne gesponnen werden.<\/p>\n<\/div>\n","protected":false},"featured_media":111092,"comment_status":"open","ping_status":"closed","template":"","meta":[],"product_cat":[1987,1939],"product_tag":[2014,2008],"class_list":{"0":"post-111097","1":"product","2":"type-product","3":"status-publish","4":"has-post-thumbnail","6":"product_cat-fallspindeln","7":"product_cat-spindeln","8":"product_tag-kopfspindel","9":"product_tag-spinnen","11":"first","12":"instock","13":"shipping-taxable","14":"purchasable","15":"product-type-simple"},"_links":{"self":[{"href":"https:\/\/sidispinnt.ch\/index.php?rest_route=\/wp\/v2\/product\/111097","targetHints":{"allow":["GET"]}}],"collection":[{"href":"https:\/\/sidispinnt.ch\/index.php?rest_route=\/wp\/v2\/product"}],"about":[{"href":"https:\/\/sidispinnt.ch\/index.php?rest_route=\/wp\/v2\/types\/product"}],"replies":[{"embeddable":true,"href":"https:\/\/sidispinnt.ch\/index.php?rest_route=%2Fwp%2Fv2%2Fcomments&post=111097"}],"wp:featuredmedia":[{"embeddable":true,"href":"https:\/\/sidispinnt.ch\/index.php?rest_route=\/wp\/v2\/media\/111092"}],"wp:attachment":[{"href":"https:\/\/sidispinnt.ch\/index.php?rest_route=%2Fwp%2Fv2%2Fmedia&parent=111097"}],"wp:term":[{"taxonomy":"product_cat","embeddable":true,"href":"https:\/\/sidispinnt.ch\/index.php?rest_route=%2Fwp%2Fv2%2Fproduct_cat&post=111097"},{"taxonomy":"product_tag","embeddable":true,"href":"https:\/\/sidispinnt.ch\/index.php?rest_route=%2Fwp%2Fv2%2Fproduct_tag&post=111097"}],"curies":[{"name":"wp","href":"https:\/\/api.w.org\/{rel}","templated":true}]}}