{"id":111152,"date":"2025-07-29T15:20:26","date_gmt":"2025-07-29T13:20:26","guid":{"rendered":"https:\/\/sidispinnt.ch\/?post_type=product&#038;p=111152"},"modified":"2026-03-31T15:09:19","modified_gmt":"2026-03-31T13:09:19","slug":"pascuali-cumbria","status":"publish","type":"product","link":"https:\/\/sidispinnt.ch\/?product=pascuali-cumbria","title":{"rendered":"Pascuali Cumbria"},"content":{"rendered":"<p>Cumbria ist eine wunderbar zarte und seidig-gl\u00e4nzende Mischung aus hochwertiger Pima-Baumwolle und Bambus-Viskose.<\/p>\n<p>Die Mischung der Fasern macht Cumbria zu einem herrlich weichen Garn, dass es vom Hautgef\u00fchl her durchaus mit einem Merino-Seide-Mix aufnehmen kann. Cumbria l\u00e4sst sich sehr angenehm verarbeiten und eignet sich f\u00fcr Strick- und H\u00e4kelprojekte gleicherma\u00dfen gut.<\/p>\n<p>Die Fasereigenschaften verleihen Cumbria einen k\u00fchlenden Effekt im Sommer, und der leichte Flausch vermag in der kalten Jahreszeit durchaus zu w\u00e4rmen. Das macht das vegane Garn zu einem tollen Ganzjahresgarn. Die Farbpalette haben wir entsprechend auf das ganze Jahr abgestimmt \u2013 von zart und zur\u00fcckhaltend hin zu kr\u00e4ftig und fr\u00f6hlich ist alles dabei.<\/p>\n<p>Cumbria besticht zudem durch seine besondere Leichtigkeit und Formbest\u00e4ndigkeit \u2013 ein fertiges St\u00fcck aus diesem sch\u00f6nen Garn wird sicher nicht ausleiern!<\/p>\n<p>Cumbria eignet sich f\u00fcr Oberteile ebenso gut wie f\u00fcr Accessoires wie Schals oder T\u00fccher. Sie ist angenehm weich und kann auch direkt auf der Haut getragen werden \u2013 wunderbar geeignet ist sie deshalb auch f\u00fcr Baby- und Kinderbekleidung.<\/p>\n<p>Benannt ist unser Garn Cumbria \u00fcbrigens nach dem einstigen Wohnort von Donald Watson, der 1944 die &#8220;Vegan Society&#8221; gr\u00fcndete und das Wort &#8220;vegan&#8221; erfand<\/p>\n","protected":false},"excerpt":{"rendered":"<p><strong>Zusammensetzung: <\/strong>60% Baumwolle (Pima), 40% Viskose (Bambus)<br \/>\n<strong>Spinnart<\/strong>: 2fach Zwirn<br \/>\n<strong>Laufl\u00e4nge:<\/strong> 150m \/ 164y<br \/>\n<strong>Gewicht<\/strong>: 50g \/ 1,8 oz<br \/>\n<strong>Nadelst\u00e4rke:<\/strong> 3-3.5 mm<br \/>\n<strong>Maschenprobe<\/strong>: 25 M x 34 R = 10cm<br \/>\n<strong>Verbrauch f\u00fcr einen Damenpullover Gr. 38 ca.:<\/strong> 400g (8 Kn\u00e4uel)<br \/>\n<strong>Pflegehinweise:<\/strong> Handw\u00e4sche mit Wollwaschmittel<\/p>\n","protected":false},"featured_media":111153,"comment_status":"open","ping_status":"closed","template":"","meta":[],"product_cat":[188],"product_tag":[3773,1799,1669,3090],"class_list":{"0":"post-111152","1":"product","2":"type-product","3":"status-publish","4":"has-post-thumbnail","6":"product_brand-pascuali","7":"product_cat-garne","8":"product_tag-bambus","9":"product_tag-baumwolle","10":"product_tag-garne","11":"product_tag-stricken","13":"first","14":"instock","15":"shipping-taxable","16":"purchasable","17":"product-type-variable","18":"has-default-attributes"},"_links":{"self":[{"href":"https:\/\/sidispinnt.ch\/index.php?rest_route=\/wp\/v2\/product\/111152","targetHints":{"allow":["GET"]}}],"collection":[{"href":"https:\/\/sidispinnt.ch\/index.php?rest_route=\/wp\/v2\/product"}],"about":[{"href":"https:\/\/sidispinnt.ch\/index.php?rest_route=\/wp\/v2\/types\/product"}],"replies":[{"embeddable":true,"href":"https:\/\/sidispinnt.ch\/index.php?rest_route=%2Fwp%2Fv2%2Fcomments&post=111152"}],"wp:featuredmedia":[{"embeddable":true,"href":"https:\/\/sidispinnt.ch\/index.php?rest_route=\/wp\/v2\/media\/111153"}],"wp:attachment":[{"href":"https:\/\/sidispinnt.ch\/index.php?rest_route=%2Fwp%2Fv2%2Fmedia&parent=111152"}],"wp:term":[{"taxonomy":"product_cat","embeddable":true,"href":"https:\/\/sidispinnt.ch\/index.php?rest_route=%2Fwp%2Fv2%2Fproduct_cat&post=111152"},{"taxonomy":"product_tag","embeddable":true,"href":"https:\/\/sidispinnt.ch\/index.php?rest_route=%2Fwp%2Fv2%2Fproduct_tag&post=111152"}],"curies":[{"name":"wp","href":"https:\/\/api.w.org\/{rel}","templated":true}]}}