{"id":111357,"date":"2025-09-26T21:22:10","date_gmt":"2025-09-26T19:22:10","guid":{"rendered":"https:\/\/sidispinnt.ch\/?post_type=product&#038;p=111357"},"modified":"2025-10-22T21:43:47","modified_gmt":"2025-10-22T19:43:47","slug":"anleitung-florine-cardigan","status":"publish","type":"product","link":"https:\/\/sidispinnt.ch\/?product=anleitung-florine-cardigan","title":{"rendered":"Florine Cardigan Anleitung"},"content":{"rendered":"<p><strong>Gr\u00f6ssen<\/strong><br \/>\nA (B, C, D, E) (F, G, H, I)<\/p>\n<p><strong>K\u00f6rperumfang<\/strong><br \/>\n83.5 (96.5, 110, 116.5, 123.5) (130, 143.5, 150, 163.5) cm<br \/>\n32.75 (38, 43.25, 45.75, 48.5) (51.25, 56.5, 59, 64.25)\u201c<br \/>\nAlle Gr\u00f6ssen findest du ganz unten bei den Bildern<\/p>\n<p><strong>Garn<\/strong><br \/>\nPascuali Cumbria (60% Baumwolle, 40% Bambus &#8211; 150 m \/ 164 y per 50g) gezeigt in der Farbe: \u00ab325 Mint\u00bb<\/p>\n<p><strong>Str\u00e4nge<\/strong><br \/>\n6 (6, 7, 8, 8) (9, 9, 10, 10)<\/p>\n<p><strong>Laufl\u00e4nge<\/strong><br \/>\n862 (900, 1014, 1052, 1167) (1205, 1319, 1357, 1471) m<br \/>\n943 (984, 1109, 1150, 1276) (1318, 1442, 1484, 1609) y<\/p>\n<p>Diese Anleitung ist Tech editiert und getestet.<\/p>\n","protected":false},"excerpt":{"rendered":"<p>Der Florine Cardigan wird nahtlos von oben nach unten gestrickt. Er beginnt am Hals, wo ein Band mit einem floralem Spitzenmuster gestrickt wird. Von diesem Band werden dann die Maschen f\u00fcr den K\u00f6rper aufgenommen. Als n\u00e4chstes werden nur der R\u00fccken, die \u00c4rmel und der Raglan in einem gro\u00dfen Rippenmuster gestrickt. Sobald die Achselh\u00f6hlen erreicht sind, wird der K\u00f6rper zusammengef\u00fcgt und Maschen aus dem vorderen Raglan f\u00fcr die Vorderseite aufgenommen. Weitere Spitzenmuster wachsen von den vorderen Maschen bis zum Saum, wo das Spitzenmuster dann \u00fcber den gesamten K\u00f6rper gearbeitet wird. Durch die besondere Formgebung des Raglans ist die Vorderseite k\u00fcrzer als die R\u00fcckseite und hat eine sch\u00f6ne Rundung. Die \u00c4rmel sind etwas l\u00e4nger als die Ellenbogenbeuge.<br \/>\nDie Passform soll mit einer positiven Leichtigkeit von ca. 5-10 cm \/ 2-4\u201d um die Brust herum erfolgen. Das gezeigte Muster ist Gr\u00f6sse B und wurde f\u00fcr einen Brustumfang von 85 cm \/ 33.5\u201d entworfen<\/p>\n<p><em>Die Strickanleitung beinhaltet PDFs in Deutsch und Englisch zum direkten Download.<\/em><\/p>\n","protected":false},"featured_media":111369,"comment_status":"open","ping_status":"closed","template":"","meta":[],"product_cat":[4167],"product_tag":[5015,4184,4171],"class_list":{"0":"post-111357","1":"product","2":"type-product","3":"status-publish","4":"has-post-thumbnail","6":"product_brand-sidispinnt","7":"product_cat-strickanleitungen","8":"product_tag-cumbria","9":"product_tag-jacke","10":"product_tag-strickanleitungen","12":"first","13":"instock","14":"downloadable","15":"virtual","16":"purchasable","17":"product-type-simple"},"_links":{"self":[{"href":"https:\/\/sidispinnt.ch\/index.php?rest_route=\/wp\/v2\/product\/111357","targetHints":{"allow":["GET"]}}],"collection":[{"href":"https:\/\/sidispinnt.ch\/index.php?rest_route=\/wp\/v2\/product"}],"about":[{"href":"https:\/\/sidispinnt.ch\/index.php?rest_route=\/wp\/v2\/types\/product"}],"replies":[{"embeddable":true,"href":"https:\/\/sidispinnt.ch\/index.php?rest_route=%2Fwp%2Fv2%2Fcomments&post=111357"}],"wp:featuredmedia":[{"embeddable":true,"href":"https:\/\/sidispinnt.ch\/index.php?rest_route=\/wp\/v2\/media\/111369"}],"wp:attachment":[{"href":"https:\/\/sidispinnt.ch\/index.php?rest_route=%2Fwp%2Fv2%2Fmedia&parent=111357"}],"wp:term":[{"taxonomy":"product_cat","embeddable":true,"href":"https:\/\/sidispinnt.ch\/index.php?rest_route=%2Fwp%2Fv2%2Fproduct_cat&post=111357"},{"taxonomy":"product_tag","embeddable":true,"href":"https:\/\/sidispinnt.ch\/index.php?rest_route=%2Fwp%2Fv2%2Fproduct_tag&post=111357"}],"curies":[{"name":"wp","href":"https:\/\/api.w.org\/{rel}","templated":true}]}}