{"id":111494,"date":"2025-10-17T11:23:12","date_gmt":"2025-10-17T09:23:12","guid":{"rendered":"https:\/\/sidispinnt.ch\/?post_type=product&#038;p=111494"},"modified":"2026-03-31T12:09:06","modified_gmt":"2026-03-31T10:09:06","slug":"lemonwood-mini-minder","status":"publish","type":"product","link":"https:\/\/sidispinnt.ch\/?product=lemonwood-mini-minder","title":{"rendered":"Lemonwood Mini Minder"},"content":{"rendered":"","protected":false},"excerpt":{"rendered":"<p>Der Mini Minder, einen Garnhalter f\u00fcr das Handgelenk, der speziell f\u00fcr Stricker und H\u00e4kler entwickelt wurde. Befestige das Garn einfach am Mini Minder und tragen es am Handgelenk oder befestige ihn an der Tasche. Mit dem Mini Minder k\u00f6nnen Sie \u00fcberall problemlos stricken!<br \/>\n<a href=\"https:\/\/www.youtube.com\/shorts\/wlqwEy3d4ic\">Hier findest du ein Video von Lemoonwood zum Mini Minder.<\/a><\/p>\n<p>Lass dich nicht vom Wort \u201eMini\u201c t\u00e4uschen. Der Mini Minder kann alle Wollkn\u00e4uel aufnehmen, die auf eine H\u00f6he von 12 cm \/ 5 Zoll zusammengedr\u00fcckt werden k\u00f6nnen und weniger als 16.5 cm \/ 6,5 Zoll breit sind.<\/p>\n<p>Es gibt zus\u00e4tzlich einen langen Stab zum Kauf , mit dem der Mini Minder alle Kn\u00e4uel aufnehmen kann, die auf eine H\u00f6he von 19 cm \/ 7.5 zoll zusammengedr\u00fcckt werden k\u00f6nnen und weniger als 16,5 cm \/ 6.5 Zoll breit sind.<\/p>\n<p>Zum Anklippen gibt es hier einen zus\u00e4tzlichen <a href=\"https:\/\/sidispinnt.ch\/?product=lemonwood-minder-clip\">Klip<\/a> oder auch Tischst\u00e4nder: den <a href=\"https:\/\/sidispinnt.ch\/?product=lemonwood-honeycomp-minder-minder\">Minder Minder<\/a> und dem Wirbel.<\/p>\n","protected":false},"featured_media":111464,"comment_status":"open","ping_status":"closed","template":"","meta":[],"product_cat":[2217,1943],"product_tag":[2004,5115,3090,5119],"class_list":{"0":"post-111494","1":"product","2":"type-product","3":"status-publish","4":"has-post-thumbnail","6":"product_brand-lemonwood","7":"product_cat-holz-spinn-und-strickzubehoer","8":"product_cat-zubehoer","9":"product_tag-holz","10":"product_tag-miniminder","11":"product_tag-stricken","12":"product_tag-wollabwickler","14":"first","15":"instock","16":"shipping-taxable","17":"purchasable","18":"product-type-variable","19":"has-default-attributes"},"_links":{"self":[{"href":"https:\/\/sidispinnt.ch\/index.php?rest_route=\/wp\/v2\/product\/111494","targetHints":{"allow":["GET"]}}],"collection":[{"href":"https:\/\/sidispinnt.ch\/index.php?rest_route=\/wp\/v2\/product"}],"about":[{"href":"https:\/\/sidispinnt.ch\/index.php?rest_route=\/wp\/v2\/types\/product"}],"replies":[{"embeddable":true,"href":"https:\/\/sidispinnt.ch\/index.php?rest_route=%2Fwp%2Fv2%2Fcomments&post=111494"}],"wp:featuredmedia":[{"embeddable":true,"href":"https:\/\/sidispinnt.ch\/index.php?rest_route=\/wp\/v2\/media\/111464"}],"wp:attachment":[{"href":"https:\/\/sidispinnt.ch\/index.php?rest_route=%2Fwp%2Fv2%2Fmedia&parent=111494"}],"wp:term":[{"taxonomy":"product_cat","embeddable":true,"href":"https:\/\/sidispinnt.ch\/index.php?rest_route=%2Fwp%2Fv2%2Fproduct_cat&post=111494"},{"taxonomy":"product_tag","embeddable":true,"href":"https:\/\/sidispinnt.ch\/index.php?rest_route=%2Fwp%2Fv2%2Fproduct_tag&post=111494"}],"curies":[{"name":"wp","href":"https:\/\/api.w.org\/{rel}","templated":true}]}}