{"id":111507,"date":"2025-10-17T11:42:34","date_gmt":"2025-10-17T09:42:34","guid":{"rendered":"https:\/\/sidispinnt.ch\/?post_type=product&#038;p=111507"},"modified":"2026-03-31T12:09:04","modified_gmt":"2026-03-31T10:09:04","slug":"lemonwood-langer-mini-minder-stab","status":"publish","type":"product","link":"https:\/\/sidispinnt.ch\/?product=lemonwood-langer-mini-minder-stab","title":{"rendered":"Lemonwood Langer Mini Minder Stab"},"content":{"rendered":"","protected":false},"excerpt":{"rendered":"<p>Ist dein <a href=\"https:\/\/sidispinnt.ch\/?product=lemonwood-mini-minder\">Mini Minder<\/a> nicht in der Lage, diese sperrigen oder extra gro\u00dfen Kn\u00e4uel zu bew\u00e4ltigen? Dann ist dieser Stab der richtige. Er ist 5 cm \/ 2 Zoll l\u00e4nger, um noch mehr Garn aufzunehmen. Als Bonus ist er mit Wirbel kompatibel!<\/p>\n","protected":false},"featured_media":111465,"comment_status":"open","ping_status":"closed","template":"","meta":[],"product_cat":[2217,1943],"product_tag":[2004,5115,3090,5119],"class_list":{"0":"post-111507","1":"product","2":"type-product","3":"status-publish","4":"has-post-thumbnail","6":"product_brand-lemonwood","7":"product_cat-holz-spinn-und-strickzubehoer","8":"product_cat-zubehoer","9":"product_tag-holz","10":"product_tag-miniminder","11":"product_tag-stricken","12":"product_tag-wollabwickler","14":"first","15":"outofstock","16":"shipping-taxable","17":"purchasable","18":"product-type-simple"},"_links":{"self":[{"href":"https:\/\/sidispinnt.ch\/index.php?rest_route=\/wp\/v2\/product\/111507","targetHints":{"allow":["GET"]}}],"collection":[{"href":"https:\/\/sidispinnt.ch\/index.php?rest_route=\/wp\/v2\/product"}],"about":[{"href":"https:\/\/sidispinnt.ch\/index.php?rest_route=\/wp\/v2\/types\/product"}],"replies":[{"embeddable":true,"href":"https:\/\/sidispinnt.ch\/index.php?rest_route=%2Fwp%2Fv2%2Fcomments&post=111507"}],"wp:featuredmedia":[{"embeddable":true,"href":"https:\/\/sidispinnt.ch\/index.php?rest_route=\/wp\/v2\/media\/111465"}],"wp:attachment":[{"href":"https:\/\/sidispinnt.ch\/index.php?rest_route=%2Fwp%2Fv2%2Fmedia&parent=111507"}],"wp:term":[{"taxonomy":"product_cat","embeddable":true,"href":"https:\/\/sidispinnt.ch\/index.php?rest_route=%2Fwp%2Fv2%2Fproduct_cat&post=111507"},{"taxonomy":"product_tag","embeddable":true,"href":"https:\/\/sidispinnt.ch\/index.php?rest_route=%2Fwp%2Fv2%2Fproduct_tag&post=111507"}],"curies":[{"name":"wp","href":"https:\/\/api.w.org\/{rel}","templated":true}]}}