{"id":111513,"date":"2025-10-17T11:55:20","date_gmt":"2025-10-17T09:55:20","guid":{"rendered":"https:\/\/sidispinnt.ch\/?post_type=product&#038;p=111513"},"modified":"2026-03-31T12:09:03","modified_gmt":"2026-03-31T10:09:03","slug":"lemonwood-honeycomp-minder-minder","status":"publish","type":"product","link":"https:\/\/sidispinnt.ch\/?product=lemonwood-honeycomp-minder-minder","title":{"rendered":"Lemonwood Honeycomp Minder Minder"},"content":{"rendered":"","protected":false},"excerpt":{"rendered":"<p>Die perfekte Erg\u00e4nzung zum <a href=\"https:\/\/sidispinnt.ch\/?product=lemonwood-mini-minder\">Mini Minder<\/a> ist der Mini Minder in Regenbogenfarben. Dieser robuste Tischaufh\u00e4nger wurde sowohl unter \u00e4sthetischen als auch unter funktionalen Gesichtspunkten entwickelt und h\u00e4lt dein Garn sauber, verwicklungsfrei und immer griffbereit. Er hat einen schweren, stabilen Sockel, der f\u00fcr Stabilit\u00e4t sorgt und dazu gibt es einen Handgefertigter Lederblumenriemen: Fein gearbeitete Blumenform f\u00fcr einen charmanten, handwerklichen Touch.<\/p>\n<p>Der Minder Minder sorgt nicht nur f\u00fcr Ordnung in Ihrem Projektbereich, sondern setzt auch stilvolle Akzente in Ihrer Wohnungseinrichtung. Ob Sie am Tisch oder auf dem Sofa stricken, dieser Halter ist ideal, um es sich gem\u00fctlich zu machen und kreativ zu sein.<\/p>\n","protected":false},"featured_media":111461,"comment_status":"open","ping_status":"closed","template":"","meta":[],"product_cat":[2217,1943],"product_tag":[5115,3090,5119],"class_list":{"0":"post-111513","1":"product","2":"type-product","3":"status-publish","4":"has-post-thumbnail","6":"product_brand-lemonwood","7":"product_cat-holz-spinn-und-strickzubehoer","8":"product_cat-zubehoer","9":"product_tag-miniminder","10":"product_tag-stricken","11":"product_tag-wollabwickler","13":"first","14":"instock","15":"shipping-taxable","16":"purchasable","17":"product-type-simple"},"_links":{"self":[{"href":"https:\/\/sidispinnt.ch\/index.php?rest_route=\/wp\/v2\/product\/111513","targetHints":{"allow":["GET"]}}],"collection":[{"href":"https:\/\/sidispinnt.ch\/index.php?rest_route=\/wp\/v2\/product"}],"about":[{"href":"https:\/\/sidispinnt.ch\/index.php?rest_route=\/wp\/v2\/types\/product"}],"replies":[{"embeddable":true,"href":"https:\/\/sidispinnt.ch\/index.php?rest_route=%2Fwp%2Fv2%2Fcomments&post=111513"}],"wp:featuredmedia":[{"embeddable":true,"href":"https:\/\/sidispinnt.ch\/index.php?rest_route=\/wp\/v2\/media\/111461"}],"wp:attachment":[{"href":"https:\/\/sidispinnt.ch\/index.php?rest_route=%2Fwp%2Fv2%2Fmedia&parent=111513"}],"wp:term":[{"taxonomy":"product_cat","embeddable":true,"href":"https:\/\/sidispinnt.ch\/index.php?rest_route=%2Fwp%2Fv2%2Fproduct_cat&post=111513"},{"taxonomy":"product_tag","embeddable":true,"href":"https:\/\/sidispinnt.ch\/index.php?rest_route=%2Fwp%2Fv2%2Fproduct_tag&post=111513"}],"curies":[{"name":"wp","href":"https:\/\/api.w.org\/{rel}","templated":true}]}}