{"id":111515,"date":"2025-10-17T12:03:24","date_gmt":"2025-10-17T10:03:24","guid":{"rendered":"https:\/\/sidispinnt.ch\/?post_type=product&#038;p=111515"},"modified":"2026-03-31T12:09:02","modified_gmt":"2026-03-31T10:09:02","slug":"lemonwood-wirbel","status":"publish","type":"product","link":"https:\/\/sidispinnt.ch\/?product=lemonwood-wirbel","title":{"rendered":"Lemonwood Wirbel"},"content":{"rendered":"","protected":false},"excerpt":{"rendered":"<p>Der Wirbel macht den Mini Minder noch vielseitiger. Stecke einfach den Mini Minder hinein, drehen Sie ihn f\u00fcr zus\u00e4tzliche Stabilit\u00e4t, l\u00f6se den Riemen und beginne mit dem Stricken!<\/p>\n<p>Die Farbe des Kunststoffteils kann variieren.<\/p>\n<p>Der Wirbel ist mit dem<a href=\"https:\/\/sidispinnt.ch\/?product=lemonwood-mini-minder\"> Mini Minder<\/a> und\u00a0 dem<a href=\"https:\/\/sidispinnt.ch\/?product=lemonwood-langer-mini-minder-stab\"> Langen Stab<\/a> kompatibel.<\/p>\n","protected":false},"featured_media":111463,"comment_status":"open","ping_status":"closed","template":"","meta":[],"product_cat":[2217,1943],"product_tag":[2004,5115,3090,5119],"class_list":{"0":"post-111515","1":"product","2":"type-product","3":"status-publish","4":"has-post-thumbnail","6":"product_brand-lemonwood","7":"product_cat-holz-spinn-und-strickzubehoer","8":"product_cat-zubehoer","9":"product_tag-holz","10":"product_tag-miniminder","11":"product_tag-stricken","12":"product_tag-wollabwickler","14":"first","15":"instock","16":"shipping-taxable","17":"purchasable","18":"product-type-simple"},"_links":{"self":[{"href":"https:\/\/sidispinnt.ch\/index.php?rest_route=\/wp\/v2\/product\/111515","targetHints":{"allow":["GET"]}}],"collection":[{"href":"https:\/\/sidispinnt.ch\/index.php?rest_route=\/wp\/v2\/product"}],"about":[{"href":"https:\/\/sidispinnt.ch\/index.php?rest_route=\/wp\/v2\/types\/product"}],"replies":[{"embeddable":true,"href":"https:\/\/sidispinnt.ch\/index.php?rest_route=%2Fwp%2Fv2%2Fcomments&post=111515"}],"wp:featuredmedia":[{"embeddable":true,"href":"https:\/\/sidispinnt.ch\/index.php?rest_route=\/wp\/v2\/media\/111463"}],"wp:attachment":[{"href":"https:\/\/sidispinnt.ch\/index.php?rest_route=%2Fwp%2Fv2%2Fmedia&parent=111515"}],"wp:term":[{"taxonomy":"product_cat","embeddable":true,"href":"https:\/\/sidispinnt.ch\/index.php?rest_route=%2Fwp%2Fv2%2Fproduct_cat&post=111515"},{"taxonomy":"product_tag","embeddable":true,"href":"https:\/\/sidispinnt.ch\/index.php?rest_route=%2Fwp%2Fv2%2Fproduct_tag&post=111515"}],"curies":[{"name":"wp","href":"https:\/\/api.w.org\/{rel}","templated":true}]}}