{"id":111553,"date":"2025-10-22T21:38:50","date_gmt":"2025-10-22T19:38:50","guid":{"rendered":"https:\/\/sidispinnt.ch\/?post_type=product&#038;p=111553"},"modified":"2025-10-22T21:42:58","modified_gmt":"2025-10-22T19:42:58","slug":"anleitung-dana-shawl","status":"publish","type":"product","link":"https:\/\/sidispinnt.ch\/?product=anleitung-dana-shawl","title":{"rendered":"Dana Shawl Anleitung"},"content":{"rendered":"<p><strong>Gr\u00f6sse<\/strong><br \/>\nVolle L\u00e4nge: 170 cm \/ 67\u201d<br \/>\nVolle Tiefe: 70 cm \/ 27.5\u201d<br \/>\nDie Gr\u00f6sse ist einfach anpassbar.<\/p>\n<p><strong>Garn<\/strong><br \/>\n<a href=\"https:\/\/sidispinnt.ch\/?product=vaire-yarns-este\">Vaire Yarns Este<\/a> (65% Polwarth, 25% Exmoore Blueface, 15% Seide) \u2013 400 m \/ 437 y per 100g) gezeigt in der Farbe \u00abForest Canopy\u00bb<\/p>\n<p><strong>Str\u00e4nge<\/strong><br \/>\n2<\/p>\n<p><strong>Laufmeter<\/strong><br \/>\n800 m \/ 875 y<\/p>\n<p>Diese Anleitung ist Tech editiert und getestet.<\/p>\n","protected":false},"excerpt":{"rendered":"<p>Der Dana Shawl wird seitlich von einer Ecke zur breiten Kante gestrickt, wobei in jeder zweiten Reihe auf einer Seite zugenommen wird. Der Schal f\u00e4ngt mit einem Blatt-Lochmuster an, das von kleinen Z\u00f6pfen eingerahmt wird. Das Grundmuster aus Krausrippen wird mit einer verschr\u00e4nkten rechten Maschen durchbrochen.<br \/>\nAm Ende wird die Krausrippenkante an der Seite hochgezogen und w\u00e4hrend dem Stricken angestrickt, sodass der Schal einen sch\u00f6nen rundum Rund bekommt.<\/p>\n<p><em>Die Strickanleitung beinhaltet PDFs in Deutsch und Englisch zum direkten Download.<\/em><\/p>\n","protected":false},"featured_media":111548,"comment_status":"open","ping_status":"closed","template":"","meta":[],"product_cat":[4167],"product_tag":[4171,3090,4180],"class_list":{"0":"post-111553","1":"product","2":"type-product","3":"status-publish","4":"has-post-thumbnail","6":"product_brand-sidispinnt","7":"product_cat-strickanleitungen","8":"product_tag-strickanleitungen","9":"product_tag-stricken","10":"product_tag-tuch","12":"first","13":"instock","14":"downloadable","15":"virtual","16":"purchasable","17":"product-type-simple"},"_links":{"self":[{"href":"https:\/\/sidispinnt.ch\/index.php?rest_route=\/wp\/v2\/product\/111553","targetHints":{"allow":["GET"]}}],"collection":[{"href":"https:\/\/sidispinnt.ch\/index.php?rest_route=\/wp\/v2\/product"}],"about":[{"href":"https:\/\/sidispinnt.ch\/index.php?rest_route=\/wp\/v2\/types\/product"}],"replies":[{"embeddable":true,"href":"https:\/\/sidispinnt.ch\/index.php?rest_route=%2Fwp%2Fv2%2Fcomments&post=111553"}],"wp:featuredmedia":[{"embeddable":true,"href":"https:\/\/sidispinnt.ch\/index.php?rest_route=\/wp\/v2\/media\/111548"}],"wp:attachment":[{"href":"https:\/\/sidispinnt.ch\/index.php?rest_route=%2Fwp%2Fv2%2Fmedia&parent=111553"}],"wp:term":[{"taxonomy":"product_cat","embeddable":true,"href":"https:\/\/sidispinnt.ch\/index.php?rest_route=%2Fwp%2Fv2%2Fproduct_cat&post=111553"},{"taxonomy":"product_tag","embeddable":true,"href":"https:\/\/sidispinnt.ch\/index.php?rest_route=%2Fwp%2Fv2%2Fproduct_tag&post=111553"}],"curies":[{"name":"wp","href":"https:\/\/api.w.org\/{rel}","templated":true}]}}