{"id":111566,"date":"2025-10-22T21:52:23","date_gmt":"2025-10-22T19:52:23","guid":{"rendered":"https:\/\/sidispinnt.ch\/?post_type=product&#038;p=111566"},"modified":"2025-10-22T21:52:23","modified_gmt":"2025-10-22T19:52:23","slug":"nienna-vest-anleitung","status":"publish","type":"product","link":"https:\/\/sidispinnt.ch\/?product=nienna-vest-anleitung","title":{"rendered":"Nienna Vest Anleitung"},"content":{"rendered":"<p><strong>Gr\u00f6ssen<\/strong><br \/>\nA (B, C, D, E) (F, G, H, I)<\/p>\n<p><strong>Designed f\u00fcr einen Brustumfang von<\/strong><br \/>\n75 (85, 95, 105, 115) 125, 135, 145, 155 cm<br \/>\n29.5 (33.5, 37.5, 41.25, 45.25) 49.25, 53.25, 57, 61\u201c<br \/>\nAlle Gr\u00f6ssen findest du ganz unten bei den Bildern<\/p>\n<p><strong>Garn<\/strong><br \/>\n<a href=\"https:\/\/sidispinnt.ch\/?product=vaire-yarns-este\">Vaire Yarns Este<\/a> (60% Polwarth, 25% Exmoore Blueface, 15% Silk &#8211; 400 m \/ 437 y per 100g) gezeigt in der Farbe: \u00abMist\u00bb<br \/>\nOder ein anderes Garn in Sockenwollst\u00e4rke (Fingering Weight)<\/p>\n<p><strong>Str\u00e4nge<\/strong><br \/>\n2 (2, 2, 2, 3) 3, 3, 3, 3<br \/>\nWenn du die Version mit den Zunahmen f\u00fcr die Vorderseite machst, nimm eine Strange mehr um sicher zu gehen, dass das Garn reicht.<\/p>\n<p><strong>Laufl\u00e4nge<\/strong><br \/>\n594 (640, 731, 777, 869) 914, 960, 1051, 1097 m<br \/>\n650 (700, 799, 850, 950) 1000, 1050, 1149, 1200 y<\/p>\n<p>Diese Anleitung ist Tech editiert und getestet.<\/p>\n","protected":false},"excerpt":{"rendered":"<p>Die Nienna-Weste wird nahtlos von oben nach unten gestrickt, beginnend mit dem Nacken und dem R\u00fcckenraglan. Der K\u00f6rper wird mit einem einfachen Lacemuster gearbeitet. Sobald das R\u00fcckenteil die Achselh\u00f6hlen erreicht, werden die Maschen f\u00fcr die Vorderseiten von der Raglankante aufgenommen. Die Vorderteile werden dann separat bis zum Achselh\u00f6hlenbereich gestrickt. Dann werden die Vorder- und R\u00fcckenteile zusammengef\u00fcgt. An beiden Seiten der Weste wird eine Spalte aus Glatt Rechts Maschen gestrickt, um das Spitzenmuster von Vorder- und R\u00fcckenteil zu trennen. Wenn der H\u00fcftknochen erreicht ist, wird ein Rand aus kraus rechts in Runden um die gesamte Weste gestrickt. Der Armausschnitt der Weste hat ein kleines B\u00fcndchen aus kraus rechts Maschen. An den Seiten des K\u00f6rpers gibt es keine formgebenden Abnahmen oder Zunahmen. Die Weste soll mit einer zus\u00e4tzlichen Weite von ca. 10-15 cm um die Oberweite herum getragen werden. Das gezeigte Muster ist Gr\u00f6sse B, ausgelegt f\u00fcr einen Brustumfang von 85 cm \/ 33,5\u201d.<\/p>\n<p><em>Die Strickanleitung beinhaltet PDFs in Deutsch und Englisch zum direkten Download.<\/em><\/p>\n","protected":false},"featured_media":111557,"comment_status":"open","ping_status":"closed","template":"","meta":[],"product_cat":[4167],"product_tag":[4171,3090],"class_list":{"0":"post-111566","1":"product","2":"type-product","3":"status-publish","4":"has-post-thumbnail","6":"product_brand-sidispinnt","7":"product_cat-strickanleitungen","8":"product_tag-strickanleitungen","9":"product_tag-stricken","11":"first","12":"instock","13":"downloadable","14":"virtual","15":"purchasable","16":"product-type-simple"},"_links":{"self":[{"href":"https:\/\/sidispinnt.ch\/index.php?rest_route=\/wp\/v2\/product\/111566","targetHints":{"allow":["GET"]}}],"collection":[{"href":"https:\/\/sidispinnt.ch\/index.php?rest_route=\/wp\/v2\/product"}],"about":[{"href":"https:\/\/sidispinnt.ch\/index.php?rest_route=\/wp\/v2\/types\/product"}],"replies":[{"embeddable":true,"href":"https:\/\/sidispinnt.ch\/index.php?rest_route=%2Fwp%2Fv2%2Fcomments&post=111566"}],"wp:featuredmedia":[{"embeddable":true,"href":"https:\/\/sidispinnt.ch\/index.php?rest_route=\/wp\/v2\/media\/111557"}],"wp:attachment":[{"href":"https:\/\/sidispinnt.ch\/index.php?rest_route=%2Fwp%2Fv2%2Fmedia&parent=111566"}],"wp:term":[{"taxonomy":"product_cat","embeddable":true,"href":"https:\/\/sidispinnt.ch\/index.php?rest_route=%2Fwp%2Fv2%2Fproduct_cat&post=111566"},{"taxonomy":"product_tag","embeddable":true,"href":"https:\/\/sidispinnt.ch\/index.php?rest_route=%2Fwp%2Fv2%2Fproduct_tag&post=111566"}],"curies":[{"name":"wp","href":"https:\/\/api.w.org\/{rel}","templated":true}]}}