{"id":111577,"date":"2025-10-22T21:59:53","date_gmt":"2025-10-22T19:59:53","guid":{"rendered":"https:\/\/sidispinnt.ch\/?post_type=product&#038;p=111577"},"modified":"2025-10-22T22:01:20","modified_gmt":"2025-10-22T20:01:20","slug":"inez-shawl-aneitung","status":"publish","type":"product","link":"https:\/\/sidispinnt.ch\/?product=inez-shawl-aneitung","title":{"rendered":"Inez Shawl Aneitung"},"content":{"rendered":"<p><strong>Gr\u00f6sse<\/strong><br \/>\n180 x 75 cm \/ 70.75 x 29.5&#8243;<\/p>\n<p><strong>Garn<\/strong><br \/>\n<a href=\"https:\/\/sidispinnt.ch\/?product=hey-mama-wolf-skadi\">Hey Mama Wolf Skadi<\/a> (100% Merino 21 Micron GOTS, 200 m \/ 218 y per 100g)<br \/>\nGezeigt in den Farben:<br \/>\nHF: \u00abMustard Yellow\u00bb<br \/>\nKF1: \u00abAndaluza Grey\u00bb<br \/>\nKF2: \u00abWool White\u00bb<\/p>\n<p><strong>Str\u00e4nge<\/strong><br \/>\nHF: 2 Str\u00e4nge<br \/>\nKF1 und KF2:je 1 Strang<\/p>\n<p><strong>Laufl\u00e4nge<\/strong><br \/>\nHF: ca. 400 m \/ 437 y<br \/>\nKF1: ca. 140 m \/ 153 y<br \/>\nKF1: ca. 140 m \/ 153y<\/p>\n<p>Diese Anleitung ist tech-editiert und getestet<\/p>\n","protected":false},"excerpt":{"rendered":"<p>Der Inez Shawl ist ein symmetrisches Dreieckstuch mit einem Rippchenmuster, das sich durch den ganzen oberen Teil des Tuches zieht, und einer Mosaikbord\u00fcre mit zwei kontrastreichen Farben. Zum Schluss gibt es ein 2re, 2li Rippenb\u00fcndchen in der Hauptfarbe. Die Konstruktion wird von oben nach unten in einem St\u00fcck gearbeitet, indem in jeder zweiten Reihe 4 Maschen zugenommen werden.<br \/>\nEs sind zwei Versionen des Mosaikmusters in der Anleitung enthalten. Eines, dass eher f\u00fcr Anf\u00e4ngerInnen geignet ist, da nicht viele Maschen nacheinander abgehoben werden m\u00fcssen, und eine Version f\u00fcr Fortgeschrittene.<\/p>\n<p><em>Die Strickanleitung beinhaltet PDFs in Deutsch und Englisch zum direkten Download.<\/em><\/p>\n","protected":false},"featured_media":111574,"comment_status":"open","ping_status":"closed","template":"","meta":[],"product_cat":[4167],"product_tag":[4808,4171,3090,4180],"class_list":{"0":"post-111577","1":"product","2":"type-product","3":"status-publish","4":"has-post-thumbnail","6":"product_brand-sidispinnt","7":"product_cat-strickanleitungen","8":"product_tag-hey-mama-wolf-skadi","9":"product_tag-strickanleitungen","10":"product_tag-stricken","11":"product_tag-tuch","13":"first","14":"instock","15":"downloadable","16":"virtual","17":"purchasable","18":"product-type-simple"},"_links":{"self":[{"href":"https:\/\/sidispinnt.ch\/index.php?rest_route=\/wp\/v2\/product\/111577","targetHints":{"allow":["GET"]}}],"collection":[{"href":"https:\/\/sidispinnt.ch\/index.php?rest_route=\/wp\/v2\/product"}],"about":[{"href":"https:\/\/sidispinnt.ch\/index.php?rest_route=\/wp\/v2\/types\/product"}],"replies":[{"embeddable":true,"href":"https:\/\/sidispinnt.ch\/index.php?rest_route=%2Fwp%2Fv2%2Fcomments&post=111577"}],"wp:featuredmedia":[{"embeddable":true,"href":"https:\/\/sidispinnt.ch\/index.php?rest_route=\/wp\/v2\/media\/111574"}],"wp:attachment":[{"href":"https:\/\/sidispinnt.ch\/index.php?rest_route=%2Fwp%2Fv2%2Fmedia&parent=111577"}],"wp:term":[{"taxonomy":"product_cat","embeddable":true,"href":"https:\/\/sidispinnt.ch\/index.php?rest_route=%2Fwp%2Fv2%2Fproduct_cat&post=111577"},{"taxonomy":"product_tag","embeddable":true,"href":"https:\/\/sidispinnt.ch\/index.php?rest_route=%2Fwp%2Fv2%2Fproduct_tag&post=111577"}],"curies":[{"name":"wp","href":"https:\/\/api.w.org\/{rel}","templated":true}]}}