{"id":111589,"date":"2025-10-22T22:51:07","date_gmt":"2025-10-22T20:51:07","guid":{"rendered":"https:\/\/sidispinnt.ch\/?post_type=product&#038;p=111589"},"modified":"2025-10-22T22:51:08","modified_gmt":"2025-10-22T20:51:08","slug":"blossom-sweater-anleitung-2","status":"publish","type":"product","link":"https:\/\/sidispinnt.ch\/?product=blossom-sweater-anleitung-2","title":{"rendered":"Blossom Sweater Anleitung"},"content":{"rendered":"<p><strong>Garn<\/strong><br \/>\n400m (436y) \/ 100g \u2013 by night Garn \u00abOrion\u00bb 75% Bluefaced Leicester &#8211; 25% Mid Brown Masham, gezeigt in den Farben HF: \u00abAu Naturel\u00bb KF: \u00abNerprune\u00bb (Gr\u00fcn) oder \u00abGarance\u00bb (Rose)<\/p>\n<p><strong>Alternativgarn<\/strong><br \/>\n<a href=\"https:\/\/sidispinnt.ch\/?product=vaire-yarns-este\">Vaire Yarns Este<\/a> (65% Polwarth, 25% Exmoore Blueface, 15% Seide) \u2013 400 m \/ 437 y per 100g)<\/p>\n<p><strong>Str\u00e4nge<\/strong><br \/>\nHF 2 (2, 2, 3) 3, 3, 3 KF: 1 (1, 2, 2) 2, 2, 2 Str\u00e4nge<\/p>\n<p><strong>In Laufmeter<\/strong><br \/>\nHF: 600 (700, 800, 900) 1000, 1100, 1200m \/ 654 (763, 872, 981) 1090, 1199, 1308y<br \/>\nKF: 315 (368, 420, 473) 525, 578, 630m \/ 343 (401, 458, 515) 572, 629, 687y<\/p>\n<p><strong>Gr\u00f6ssen: XS (S, M, L) XL, 2XL, 3XL<\/strong><\/p>\n<p>1 = Gesamtl\u00e4nge<br \/>\n57 (59, 60, 61) 62, 64, 66cm<br \/>\n22.4 (23.2, 23.6, 24.0) 24.4, 25.2, 26.0\u201c<br \/>\n2 = Brustumfang<br \/>\n78 (92, 105, 118) 131, 144, 157cm<br \/>\n30.9 (36.0, 41.2, 46.3) 51.5, 56.6, 61.8\u201d<br \/>\n3 = L\u00e4nge ab Unterarm<br \/>\n38cm \/ 15.0\u201d<br \/>\n4 = Oberarmumfang<br \/>\n29 (32, 35, 37) 40, 45, 48cm<br \/>\n11.5 (12.7, 13.9, 14.5) 15.7, 17.6, 18.8\u201c<br \/>\n5 = Handgelenksumfang<br \/>\n23 (24, 25, 26) 27, 28, 29cm<br \/>\n9.1 (9.4, 10.0, 10.3) 10.6, 11.2, 11.5\u201d<br \/>\n6 = \u00c4rmell\u00e4nge ab Unterarm<br \/>\n46cm \/ 18.0\u201d<br \/>\n7 = Ausschnittumfang<br \/>\n40 (41, 42, 42) 43, 44, 45cm<br \/>\n15.7 (16.1, 16.4, 16.7) 17.0, 17.3, 17.6\u201c<\/p>\n<p>Auf der letzten Seite der Anleitung gibt es zus\u00e4tzlich Notizen zur breiteren Boxy Version in blau\/weiss.<\/p>\n","protected":false},"excerpt":{"rendered":"<p>Der Blossom Sweater ist nahtlos von unten nach oben in der Runde gestrickt, mit einem zweifarbigen G\u00fcrtel in einem Bl\u00fctenmuster. Er beginnt mit der Kontrastfarbe und einem einfachen 1&#215;1-B\u00fcndchen, gefolgt von dem in der Mitte gespiegelten zweifarbigen Abschnitt. Nachdem Vorder- und R\u00fcckenteil f\u00fcr die \u00c4rmel geteilt wurden, folgt eine kurze Schulterformung. Die Schultern werden durch einen 3-needle bind off zusammengef\u00fcgt. Es gibt keine Abnahmen und Zunahmen entlang der K\u00f6rperseiten. Es wird mit ca. 10 cm (4,0\u201d) zus\u00e4tzlicher Weite um die Oberweite getragen. Gezeigt in gr\u00fcn\/grau in Gr\u00f6sse S und rosa\/grau in Gr\u00f6sse M mit einer 84 cm (33\u201d) Oberweite.<\/p>\n<p><em>Die Strickanleitung beinhaltet PDFs in Deutsch und Englisch zum direkten Download.<\/em><\/p>\n","protected":false},"featured_media":109445,"comment_status":"open","ping_status":"closed","template":"","meta":[],"product_cat":[4167],"product_tag":[4535,4171,3090],"class_list":{"0":"post-111589","1":"product","2":"type-product","3":"status-publish","4":"has-post-thumbnail","6":"product_brand-sidispinnt","7":"product_cat-strickanleitungen","8":"product_tag-pullover","9":"product_tag-strickanleitungen","10":"product_tag-stricken","12":"first","13":"instock","14":"downloadable","15":"virtual","16":"purchasable","17":"product-type-simple"},"_links":{"self":[{"href":"https:\/\/sidispinnt.ch\/index.php?rest_route=\/wp\/v2\/product\/111589","targetHints":{"allow":["GET"]}}],"collection":[{"href":"https:\/\/sidispinnt.ch\/index.php?rest_route=\/wp\/v2\/product"}],"about":[{"href":"https:\/\/sidispinnt.ch\/index.php?rest_route=\/wp\/v2\/types\/product"}],"replies":[{"embeddable":true,"href":"https:\/\/sidispinnt.ch\/index.php?rest_route=%2Fwp%2Fv2%2Fcomments&post=111589"}],"wp:featuredmedia":[{"embeddable":true,"href":"https:\/\/sidispinnt.ch\/index.php?rest_route=\/wp\/v2\/media\/109445"}],"wp:attachment":[{"href":"https:\/\/sidispinnt.ch\/index.php?rest_route=%2Fwp%2Fv2%2Fmedia&parent=111589"}],"wp:term":[{"taxonomy":"product_cat","embeddable":true,"href":"https:\/\/sidispinnt.ch\/index.php?rest_route=%2Fwp%2Fv2%2Fproduct_cat&post=111589"},{"taxonomy":"product_tag","embeddable":true,"href":"https:\/\/sidispinnt.ch\/index.php?rest_route=%2Fwp%2Fv2%2Fproduct_tag&post=111589"}],"curies":[{"name":"wp","href":"https:\/\/api.w.org\/{rel}","templated":true}]}}