{"id":111590,"date":"2025-10-23T12:18:47","date_gmt":"2025-10-23T10:18:47","guid":{"rendered":"https:\/\/sidispinnt.ch\/?post_type=product&#038;p=111590"},"modified":"2025-10-23T12:22:31","modified_gmt":"2025-10-23T10:22:31","slug":"celtic-cardigan-anleitung","status":"publish","type":"product","link":"https:\/\/sidispinnt.ch\/?product=celtic-cardigan-anleitung","title":{"rendered":"Celtic Cardigan Anleitung"},"content":{"rendered":"<p><strong>Entworfen f\u00fcr einen Brustumfang von<\/strong><br \/>\n75 (85, 95, 105, 115) (125, 135, 145, 155) cm<br \/>\n29.5 (33.5, 37.5, 41.25, 45.25) (49.25, 53.25, 57, 61)\u201c<br \/>\nMit ein bisschen zus\u00e4tzlicher Weite \u00fcber dem R\u00fccken.<\/p>\n<p><strong>Garn<\/strong><br \/>\nSidispinnt Merino Single (100% Merino; 360 m \/ 394 y per 100g) in der Farbe \u201eAutumn Gold\u201c.<br \/>\noder<br \/>\n<a href=\"https:\/\/sidispinnt.ch\/?product=uschitita-merino-singles\">Uschitita Merino Singles<\/a> (100% Merino; 360 m \/ 394 y per 100g)<br \/>\noder<br \/>\n<a href=\"https:\/\/sidispinnt.ch\/?product=positive-ease-pure-merino\">Positive Ease Pure Merino<\/a> (100% Merino; 400 m \/ 437 y per 100g)<br \/>\noder<br \/>\n<a href=\"https:\/\/sidispinnt.ch\/?product=cecily-grove-yarns-goya-merino\">Cecily Grove Yarns Goya Merino<\/a> (100% Merino; 400 m \/ 437 y per 100g)<\/p>\n<p><strong>Str\u00e4nge<\/strong><br \/>\n3 (4, 4, 4, 5) (5, 5, 6, 6)<\/p>\n<p><strong>Laufl\u00e4nge<\/strong><br \/>\n1100 (1200, 1325, 1425, 1550) (1650, 1775, 1900, 2025) m<br \/>\n1200 (1310, 1430, 1550, 1680) (1800, 1940, 2080, 2210) y<\/p>\n<p>Diese Anleitung ist tech-editiert und getestet<\/p>\n","protected":false},"excerpt":{"rendered":"<p>Der Celtic Cardigan ist eine von oben nach unten gestrickte Jacke mit keltischen Z\u00f6pfen. Er wird, beginnend am hinteren Nacken, in einem St\u00fcck nahtlos gearbeitet und kann mit oder ohne Zunahme f\u00fcr die H\u00fcften gestrickt werden. Der abgebildete Cardigan wurde in Gr\u00f6sse S ohne H\u00fcftzunahmen gestrickt und geht \u00fcber den H\u00fcften etwas nach Aussen.<\/p>\n<p>Die Strickjacke ist offen gestaltet und nicht daf\u00fcr gedacht, vorne komplett geschlossen zu werden.<\/p>\n<p>Wenn du eine kleine K\u00f6rbchengr\u00f6sse (A oder B) hast, w\u00e4hle die Gr\u00f6sse, die der tats\u00e4chlichen Oberweite am n\u00e4chsten kommt und etwas zus\u00e4tzliche Weite verleiht. Wenn du eine gr\u00f6ssere K\u00f6rbchengr\u00f6sse hast (C oder gr\u00f6sser) empfehle ich eine Nummer kleiner zu w\u00e4hlen und zus\u00e4tzlich Zunahmen an den Vorderseiten zu stricken.<\/p>\n<p><em>Die Strickanleitung beinhaltet PDFs in Deutsch und Englisch zum direkten Download.<\/em><\/p>\n","protected":false},"featured_media":109448,"comment_status":"open","ping_status":"closed","template":"","meta":[],"product_cat":[4167],"product_tag":[4184,4171,3090],"class_list":{"0":"post-111590","1":"product","2":"type-product","3":"status-publish","4":"has-post-thumbnail","6":"product_brand-sidispinnt","7":"product_cat-strickanleitungen","8":"product_tag-jacke","9":"product_tag-strickanleitungen","10":"product_tag-stricken","12":"first","13":"instock","14":"downloadable","15":"virtual","16":"purchasable","17":"product-type-simple"},"_links":{"self":[{"href":"https:\/\/sidispinnt.ch\/index.php?rest_route=\/wp\/v2\/product\/111590","targetHints":{"allow":["GET"]}}],"collection":[{"href":"https:\/\/sidispinnt.ch\/index.php?rest_route=\/wp\/v2\/product"}],"about":[{"href":"https:\/\/sidispinnt.ch\/index.php?rest_route=\/wp\/v2\/types\/product"}],"replies":[{"embeddable":true,"href":"https:\/\/sidispinnt.ch\/index.php?rest_route=%2Fwp%2Fv2%2Fcomments&post=111590"}],"wp:featuredmedia":[{"embeddable":true,"href":"https:\/\/sidispinnt.ch\/index.php?rest_route=\/wp\/v2\/media\/109448"}],"wp:attachment":[{"href":"https:\/\/sidispinnt.ch\/index.php?rest_route=%2Fwp%2Fv2%2Fmedia&parent=111590"}],"wp:term":[{"taxonomy":"product_cat","embeddable":true,"href":"https:\/\/sidispinnt.ch\/index.php?rest_route=%2Fwp%2Fv2%2Fproduct_cat&post=111590"},{"taxonomy":"product_tag","embeddable":true,"href":"https:\/\/sidispinnt.ch\/index.php?rest_route=%2Fwp%2Fv2%2Fproduct_tag&post=111590"}],"curies":[{"name":"wp","href":"https:\/\/api.w.org\/{rel}","templated":true}]}}