{"id":112056,"date":"2026-04-21T10:00:40","date_gmt":"2026-04-21T08:00:40","guid":{"rendered":"https:\/\/sidispinnt.ch\/?post_type=product&#038;p=112056"},"modified":"2026-04-21T10:02:41","modified_gmt":"2026-04-21T08:02:41","slug":"aegyptische-baumwolle","status":"publish","type":"product","link":"https:\/\/sidispinnt.ch\/?product=aegyptische-baumwolle","title":{"rendered":"\u00c4gyptische Baumwolle"},"content":{"rendered":"<div id=\"tab-description\" class=\"woocommerce-Tabs-panel woocommerce-Tabs-panel--description panel entry-content wc-tab\" role=\"tabpanel\" aria-labelledby=\"tab-title-description\">\n<p>Baumwolle ist die am weitesten verbreitete bekannte Faser. Es gibt Hinweise darauf, dass Baumwolle in \u00c4gypten um 12000 v. Chr. und in Indien um 3000 v. Chr. angebaut wurde. Baumwolle war in Nord- und S\u00fcdamerika sowie in Asien und Afrika heimisch, und es gibt Hinweise darauf, dass in Peru um 2500 v. Chr. Stoffe aus Baumwolle hergestellt wurden.<\/p>\n<p>Es gibt viele L\u00e4nder, die Baumwolle anbauen, darunter Russland und Amerika. Das Wort Baumwolle leitet sich von dem arabischen Wort quoton oder qutun ab.<\/p>\n<p>Die Baumwollpflanze geh\u00f6rt zur Familie der Malvengew\u00e4chse und es gibt mehrere Arten. Sie gedeiht am besten in feuchtwarmen Klimazonen mit feuchten und trockenen Jahreszeiten und bl\u00fcht etwa 100 Tage nach der Aussaat. Die h\u00fcbsche Bl\u00fcte stirbt nach zwei Tagen ab und hinterl\u00e4sst die Samenkapsel, die 50-80 Tage nach der Bl\u00fcte aufplatzt und die flauschigen Baumwollfasern zum Vorschein bringt, die dann gepfl\u00fcckt werden k\u00f6nnen. Die Bl\u00fcten erscheinen \u00fcber einen langen Zeitraum, so dass es eine lange Ernte-\/Pfl\u00fccksaison gibt.<\/p>\n<p>Urspr\u00fcnglich wurde die Baumwolle von Hand gepfl\u00fcckt, heute wird sie maschinell geerntet, obwohl ein Teil der qualitativ hochwertigen Baumwolle immer noch von Hand gepfl\u00fcckt wird. Die gepfl\u00fcckte Baumwolle wird entk\u00f6rnt (durch einen Sch\u00fcttler geleitet), um die Baumwollfasern von den Samen zu trennen, und dann klassifiziert\/klassifiziert. Baumwollfasern sind weiss, kurz, nicht str\u00e4hnig und gleichm\u00e4ssig, mehr als andere Pflanzenfasern<\/p>\n<\/div>\n","protected":false},"excerpt":{"rendered":"<p><strong>Zusammensetzung:<\/strong> 100% \u00c4gyptische Baumwolle<br \/>\n<strong>Spinnvorbereitung:<\/strong> Kammzug<br \/>\n<strong>Gewicht:<\/strong> 100g \/ 3,5 oz<br \/>\n<strong>Farbe:<\/strong> Weiss<br \/>\n<strong>Level:<\/strong> Fortgeschrittene<\/p>\n<p>Baumwolle ist eine matte, kurze Pflanzenfaser. Dies ist eine mit einer l\u00e4ngeren Stapell\u00e4nge.<\/p>\n","protected":false},"featured_media":112050,"comment_status":"open","ping_status":"closed","template":"","meta":[],"product_cat":[3150,858],"product_tag":[1799,1703,2008],"class_list":{"0":"post-112056","1":"product","2":"type-product","3":"status-publish","4":"has-post-thumbnail","6":"product_brand-sidispinnt","7":"product_cat-baumwolle-de","8":"product_cat-fasern","9":"product_tag-baumwolle","10":"product_tag-kammzug","11":"product_tag-spinnen","13":"first","14":"instock","15":"shipping-taxable","16":"purchasable","17":"product-type-simple"},"_links":{"self":[{"href":"https:\/\/sidispinnt.ch\/index.php?rest_route=\/wp\/v2\/product\/112056","targetHints":{"allow":["GET"]}}],"collection":[{"href":"https:\/\/sidispinnt.ch\/index.php?rest_route=\/wp\/v2\/product"}],"about":[{"href":"https:\/\/sidispinnt.ch\/index.php?rest_route=\/wp\/v2\/types\/product"}],"replies":[{"embeddable":true,"href":"https:\/\/sidispinnt.ch\/index.php?rest_route=%2Fwp%2Fv2%2Fcomments&post=112056"}],"wp:featuredmedia":[{"embeddable":true,"href":"https:\/\/sidispinnt.ch\/index.php?rest_route=\/wp\/v2\/media\/112050"}],"wp:attachment":[{"href":"https:\/\/sidispinnt.ch\/index.php?rest_route=%2Fwp%2Fv2%2Fmedia&parent=112056"}],"wp:term":[{"taxonomy":"product_cat","embeddable":true,"href":"https:\/\/sidispinnt.ch\/index.php?rest_route=%2Fwp%2Fv2%2Fproduct_cat&post=112056"},{"taxonomy":"product_tag","embeddable":true,"href":"https:\/\/sidispinnt.ch\/index.php?rest_route=%2Fwp%2Fv2%2Fproduct_tag&post=112056"}],"curies":[{"name":"wp","href":"https:\/\/api.w.org\/{rel}","templated":true}]}}