{"id":112058,"date":"2026-04-21T10:10:24","date_gmt":"2026-04-21T08:10:24","guid":{"rendered":"https:\/\/sidispinnt.ch\/?post_type=product&#038;p=112058"},"modified":"2026-04-21T10:10:25","modified_gmt":"2026-04-21T08:10:25","slug":"tencel-kammzug","status":"publish","type":"product","link":"https:\/\/sidispinnt.ch\/?product=tencel-kammzug","title":{"rendered":"Tencel Kammzug"},"content":{"rendered":"","protected":false},"excerpt":{"rendered":"<p><strong>Zusammensetzung:<\/strong> 100% Tencel (Holzfasern<br \/>\n<strong>Spinnvorbereitung:<\/strong> Kammzug<br \/>\n<strong>Gewicht:<\/strong> 100g \/ 3,5 oz<br \/>\n<strong>Farbe:<\/strong> Weiss<br \/>\n<strong>Level:<\/strong> Fortgeschrittene<\/p>\n<p>Eine biologisch abbaubare Zellulosefaser, die aus Holz gewonnen wird. Diese gl\u00e4nzende Faser hat eine lange Faserl\u00e4nge und f\u00fchlt sich nat\u00fcrlich k\u00fchl an, \u00e4hnlich wie Seide.<br \/>\nPerfekt zum Spinnen und Mischen mit anderen Fasern.<\/p>\n","protected":false},"featured_media":112054,"comment_status":"open","ping_status":"closed","template":"","meta":[],"product_cat":[858,3163],"product_tag":[1699,1703,2008],"class_list":{"0":"post-112058","1":"product","2":"type-product","3":"status-publish","4":"has-post-thumbnail","6":"product_brand-sidispinnt","7":"product_cat-fasern","8":"product_cat-synthetische-fasern","9":"product_tag-fasern","10":"product_tag-kammzug","11":"product_tag-spinnen","13":"first","14":"instock","15":"shipping-taxable","16":"purchasable","17":"product-type-simple"},"_links":{"self":[{"href":"https:\/\/sidispinnt.ch\/index.php?rest_route=\/wp\/v2\/product\/112058","targetHints":{"allow":["GET"]}}],"collection":[{"href":"https:\/\/sidispinnt.ch\/index.php?rest_route=\/wp\/v2\/product"}],"about":[{"href":"https:\/\/sidispinnt.ch\/index.php?rest_route=\/wp\/v2\/types\/product"}],"replies":[{"embeddable":true,"href":"https:\/\/sidispinnt.ch\/index.php?rest_route=%2Fwp%2Fv2%2Fcomments&post=112058"}],"wp:featuredmedia":[{"embeddable":true,"href":"https:\/\/sidispinnt.ch\/index.php?rest_route=\/wp\/v2\/media\/112054"}],"wp:attachment":[{"href":"https:\/\/sidispinnt.ch\/index.php?rest_route=%2Fwp%2Fv2%2Fmedia&parent=112058"}],"wp:term":[{"taxonomy":"product_cat","embeddable":true,"href":"https:\/\/sidispinnt.ch\/index.php?rest_route=%2Fwp%2Fv2%2Fproduct_cat&post=112058"},{"taxonomy":"product_tag","embeddable":true,"href":"https:\/\/sidispinnt.ch\/index.php?rest_route=%2Fwp%2Fv2%2Fproduct_tag&post=112058"}],"curies":[{"name":"wp","href":"https:\/\/api.w.org\/{rel}","templated":true}]}}