{"id":112086,"date":"2026-04-21T10:35:02","date_gmt":"2026-04-21T08:35:02","guid":{"rendered":"https:\/\/sidispinnt.ch\/?post_type=product&#038;p=112086"},"modified":"2026-04-21T10:35:03","modified_gmt":"2026-04-21T08:35:03","slug":"lotusfasern","status":"publish","type":"product","link":"https:\/\/sidispinnt.ch\/?product=lotusfasern","title":{"rendered":"Lotusfasern"},"content":{"rendered":"","protected":false},"excerpt":{"rendered":"<p><strong>Zusammensetzung:<\/strong> 100% Lotusfasern<br \/>\n<strong>Spinnvorbereitung:<\/strong> Kammzug<br \/>\n<strong>Gewicht:<\/strong> 50g<br \/>\n<strong>Farbe:<\/strong> Weiss<br \/>\n<strong>Level:<\/strong> Fortgeschrittene<\/p>\n<p>Eine leichte und atmungsaktive Zellulosefaser, die sich ideal als nachhaltige Komponente f\u00fcr verschiedene Garnmischungen eignet. Die Lotusfaser verf\u00fcgt \u00fcber nat\u00fcrliche feuchtigkeitsregulierende Eigenschaften und eignet sich daher perfekt f\u00fcr Garnmischungen, die direkt auf der Haut getragen werden.<br \/>\nIn einer anaeroben Umgebung vollst\u00e4ndig biologisch abbaubar.<\/p>\n","protected":false},"featured_media":112053,"comment_status":"open","ping_status":"closed","template":"","meta":[],"product_cat":[858,3163],"product_tag":[1699,1703,2008],"class_list":{"0":"post-112086","1":"product","2":"type-product","3":"status-publish","4":"has-post-thumbnail","6":"product_brand-sidispinnt","7":"product_cat-fasern","8":"product_cat-synthetische-fasern","9":"product_tag-fasern","10":"product_tag-kammzug","11":"product_tag-spinnen","13":"first","14":"instock","15":"shipping-taxable","16":"purchasable","17":"product-type-simple"},"_links":{"self":[{"href":"https:\/\/sidispinnt.ch\/index.php?rest_route=\/wp\/v2\/product\/112086","targetHints":{"allow":["GET"]}}],"collection":[{"href":"https:\/\/sidispinnt.ch\/index.php?rest_route=\/wp\/v2\/product"}],"about":[{"href":"https:\/\/sidispinnt.ch\/index.php?rest_route=\/wp\/v2\/types\/product"}],"replies":[{"embeddable":true,"href":"https:\/\/sidispinnt.ch\/index.php?rest_route=%2Fwp%2Fv2%2Fcomments&post=112086"}],"wp:featuredmedia":[{"embeddable":true,"href":"https:\/\/sidispinnt.ch\/index.php?rest_route=\/wp\/v2\/media\/112053"}],"wp:attachment":[{"href":"https:\/\/sidispinnt.ch\/index.php?rest_route=%2Fwp%2Fv2%2Fmedia&parent=112086"}],"wp:term":[{"taxonomy":"product_cat","embeddable":true,"href":"https:\/\/sidispinnt.ch\/index.php?rest_route=%2Fwp%2Fv2%2Fproduct_cat&post=112086"},{"taxonomy":"product_tag","embeddable":true,"href":"https:\/\/sidispinnt.ch\/index.php?rest_route=%2Fwp%2Fv2%2Fproduct_tag&post=112086"}],"curies":[{"name":"wp","href":"https:\/\/api.w.org\/{rel}","templated":true}]}}