{"id":112089,"date":"2026-04-21T12:28:02","date_gmt":"2026-04-21T10:28:02","guid":{"rendered":"https:\/\/sidispinnt.ch\/?post_type=product&#038;p=112089"},"modified":"2026-04-21T18:15:02","modified_gmt":"2026-04-21T16:15:02","slug":"kurs-zwirnarten-auf-der-handspindel-21-07-2026","status":"publish","type":"product","link":"https:\/\/sidispinnt.ch\/?product=kurs-zwirnarten-auf-der-handspindel-21-07-2026","title":{"rendered":"Kurs Zwirnarten auf der Handspindel 21.07.2026"},"content":{"rendered":"<p><strong>Zwirnarten auf der Handspindel<\/strong><strong><br \/>\n<\/strong><\/p>\n<p>Was kann ich nach dem Kurs?<\/p>\n<ul>\n<li>Die Techniken Andenzwirn, Navajo, Ply on Fly gelernt<\/li>\n<li>Welche Methoden kann ich sonst noch anwenden um am einfachsten auf einer Spindel zu zwirnen, z.b. Zwirnball, Schuhkarton<\/li>\n<li>Ich weiss f\u00fcr welche Zwecke ich welche Zwirnarten am Besten verwende<\/li>\n<\/ul>\n<p>Alles Material f\u00fcr den Kurs ist vorhanden, wenn du m\u00f6chtest kannst du deine Spindel aber mitbringen.<\/p>\n<p><strong>Hausaufgaben:<\/strong> Wir spinnen im Kurs die F\u00e4den f\u00fcr die Zwirne, falls uns jedoch die Zeit wegrennen w\u00fcrde, w\u00e4re es gut wenn du ein zwei kn\u00e4uel schon gesponnene Einzelf\u00e4den mitbringst.<\/p>\n<p>Du erh\u00e4ltst 2-3 Tage vor dem Kurstag per E-Mail die letzten Informationen. Kursgeb\u00fchren k\u00f6nnen im Voraus oder am Tag des Kurses beglichen werden. Bitte beachte, dass die Kurse nicht mehr storniert werden k\u00f6nnen.<\/p>\n<p>Bei geringer Teilnehmerzahl behalten ich mir vor, den Kurs abzusagen. Bei einer Absage durch uns werden die Kurskosten vollst\u00e4ndig zur\u00fcckerstattet.<\/p>\n","protected":false},"excerpt":{"rendered":"<p>Du hast bereits gelernt auf der Handspindel zu spinnen und m\u00f6chtest gerne mehr Variationen in deine Garne bringen? Lerne verschiedene Zwirntechniken auf der Handspindel und wann welche am idealsten ist.<\/p>\n<p>Mehr Informationen unten in der Kursbeschreibung.<\/p>\n<p><strong>Datum: <\/strong>Dienstag, 21. Juli 2026<br \/>\n<strong>Zeit: <\/strong>14.00-17.00<br \/>\n<strong>Ort:<\/strong> Kirchstrasse 8i, 3097 Liebefeld<\/p>\n","protected":false},"featured_media":112090,"comment_status":"open","ping_status":"closed","template":"","meta":[],"product_cat":[3529],"product_tag":[3533,2008],"class_list":{"0":"post-112089","1":"product","2":"type-product","3":"status-publish","4":"has-post-thumbnail","6":"product_brand-sidispinnt","7":"product_cat-kurse","8":"product_tag-kurs","9":"product_tag-spinnen","11":"first","12":"instock","13":"virtual","14":"purchasable","15":"product-type-simple"},"_links":{"self":[{"href":"https:\/\/sidispinnt.ch\/index.php?rest_route=\/wp\/v2\/product\/112089","targetHints":{"allow":["GET"]}}],"collection":[{"href":"https:\/\/sidispinnt.ch\/index.php?rest_route=\/wp\/v2\/product"}],"about":[{"href":"https:\/\/sidispinnt.ch\/index.php?rest_route=\/wp\/v2\/types\/product"}],"replies":[{"embeddable":true,"href":"https:\/\/sidispinnt.ch\/index.php?rest_route=%2Fwp%2Fv2%2Fcomments&post=112089"}],"wp:featuredmedia":[{"embeddable":true,"href":"https:\/\/sidispinnt.ch\/index.php?rest_route=\/wp\/v2\/media\/112090"}],"wp:attachment":[{"href":"https:\/\/sidispinnt.ch\/index.php?rest_route=%2Fwp%2Fv2%2Fmedia&parent=112089"}],"wp:term":[{"taxonomy":"product_cat","embeddable":true,"href":"https:\/\/sidispinnt.ch\/index.php?rest_route=%2Fwp%2Fv2%2Fproduct_cat&post=112089"},{"taxonomy":"product_tag","embeddable":true,"href":"https:\/\/sidispinnt.ch\/index.php?rest_route=%2Fwp%2Fv2%2Fproduct_tag&post=112089"}],"curies":[{"name":"wp","href":"https:\/\/api.w.org\/{rel}","templated":true}]}}